{"id":25,"date":"2021-03-30T16:12:14","date_gmt":"2021-03-30T16:12:14","guid":{"rendered":"https:\/\/landscapes-et-cie.com\/?page_id=25"},"modified":"2024-05-16T10:52:44","modified_gmt":"2024-05-16T10:52:44","slug":"contact","status":"publish","type":"page","link":"https:\/\/landscapes-et-cie.com\/en\/contact\/","title":{"rendered":"Contact"},"content":{"rendered":"<p>[et_pb_section fb_built= \u00bb1\u2033 _builder_version= \u00bb4.16\u2033 _module_preset= \u00bbdefault \u00bb background_color= \u00bbrgba(10,0,0,0.22) \u00bb background_image= \u00bbhttps:\/\/landscapes-et-cie.com\/wp-content\/ uploads\/2021\/04\/P1012807-scaled.jpeg \u00bb background_blend= \u00bbmultiply \u00bb max_height= \u00bb302px \u00bb max_height_tablet= \u00bb \u00bb max_height_phone= \u00bb237px \u00bb max_height_last_edited= \u00bbon|phone \u00bb locked= \u00bboff \u00bb global_colors_info= \u00bb{} \u00bb] [et_pb_row _builder_version= \u00bb4.16\u2033 _module_preset= \u00bbdefault \u00bb global_colors_info= \u00bb{} \u00bb][et_pb_column type= \u00bb4_4\u2033 _builder_version= \u00bb4.16\u2033 _module_preset= \u00bbdefault \u00bb global_colors_info= \u00bb{} \u00bb][et_pb_cta title= \u00bbContact Us \u00bb _builder_version= \u00bb4.24.0\u2033 _module_preset= \u00bbdefault \u00bb header_level= \u00bbh1\u2033 header_font= \u00bb|700||||||| \u00bb header_font_size= \u00bb30px \u00bb background_color= \u00bbRGBA(0,0,0,0) \u00bb custom_margin= \u00bb25px||||false|false \u00bb custom_margin_tablet= \u00bb \u00bb custom_margin_phone= \u00bb-22px||||false|false \u00bb custom_margin_last_edited = \u00bbon|phone \u00bb header_line_height_tablet= \u00bb \u00bb header_line_height_phone= \u00bb1.3em \u00bb header_line_height_last_edited= \u00bbon|phone \u00bb global_colors_info= \u00bb{} \u00bb][\/et_pb_cta][\/et_pb_column][\/et_pb_row][\/et_pb_section][et_pb_section fb_built= \u00bb1\u2033 _builder_version= \u00bb4.16\u2033 _module_preset= \u00bbdefault \u00bb background_color= \u00bb#fffaf2\u2033 global_colors_info= \u00bb{} \u00bb][et_pb_row custom_padding_last_edited= \u00bbon|desktop \u00bb _builder_version= \u00bb4.16\u2033 _module_preset= \u00bbdefault \u00bb width_tablet= \u00bb \u00bb = \u00bb89% \u00bb width_last_edited= \u00bbon|phone \u00bb custom_margin= \u00bb0px||0px||false|false \u00bb custom_margin_tablet= \u00bb \u00bb custom_margin_phone= \u00bb-8px||-8px||false|false \u00bb custom_margin_last_edited= \u00bbon|phone \u00bb custom_padding = \u00bb12px||12px||false|false \u00bb custom_padding_tablet= \u00bb \u00bb custom_padding_phone= \u00bb0px||0px||false|false \u00bb global_colors_info= \u00bb{} \u00bb][et_pb_column type= \u00bb4_4\u2033 _builder_version= \u00bb4.16\u2033 _module_preset= \u00bbDefault\u00bb global_colors_info = \u00bb{}\u00bb] [et_pb_text _builder_version = \u00bb4.16 \u2033 _Module_Preset =\u00bb Default \u00bbtext_text_color =\u00bb #163526 \u2033 Text_font_size = \u00bb19px\u00bb text_color = &quot;#d3a13b&quot; text_orientation = &quot;center&quot; width = \u00bb58% \u00bb width_tablet= \u00bb100% \u00bb width_phone= \u00bb \u00bb width_last_edited= \u00bbon|tablet \u00bb module_alignment= \u00bbcenter \u00bb global_colors_info= \u00bb{} \u00bb]<\/p>\n<p>Have a question, a comment? Would you like to meet us to talk about a project? You can contact us by email: <span style=\"color: #ff0000;\"><a href=\"mailto:clare@landscapes-et-cie.com\" style=\"color: #d3a13b;\"><span style=\"text-decoration: underline;\">clare@landscapes-et-cie.com<\/span><\/a><\/span> or call us at <span style=\"color: #d3a13b;\">0622186248.<\/span><\/p>\n<p>[\/et_pb_text][et_pb_text _builder_version= \u00bb4.24.0\u2033 _module_preset= \u00bbdefault \u00bb text_orientation= \u00bbcenter \u00bb text_font_size= \u00bb17px \u00bb hover_enabled= \u00bb0\u2033 sticky_enabled= \u00bb0\u2033]<\/p>\n<p style=\"text-align: center;\"><span>Carmouet, 22270 M\u00e9grit, France<\/span><\/p>\n<p>[\/et_pb_text] default \u00bb global_colors_info= \u00bb{} \u00bb][et_pb_contact_form email= \u00bbclare@landscapes-et-cie.com \u00bb submit_button_text= \u00bbSend \u00bb _builder_version= \u00bb4.24.0\u2033 _module_preset= \u00bbdefault \u00bb _unique_id= \u00bbcffe9de2-2e9d-48c8- 85e2-fefe24c2aaff \u00bb global_colors_info= \u00bb{} \u00bb][et_pb_contact_field field_id= \u00bbName \u00bb field_title= \u00bbFirst name \u00bb _builder_version= \u00bb4.24.0\u2033 global_colors_info= \u00bb{} \u00bb button_text_size__hover_enabled= \u00bboff \u00bb button_one_text_size__hover_enabled= \u00bboff \u00bb button_two_text_size__h over_enabled=\u201doff \u00bb button_text_color__hover_enabled= \u00bboff \u00bb button_one_text_color__hover_enabled= \u00bboff \u00bb button_two_text_color__hover_enabled= \u00bboff \u00bb button_border_width__hover_enabled= \u00bboff \u00bb button_one_border_width__hover_enabled= \u00bboff \u00bb button_two_border_width__hover_enabled= \u00bboff \u00bb button_border_color__hover _enabled= \u00bboff \u00bb button_one_border_color__hover_enabled= \u00bboff \u00bb button_two_border_color__hover_enabled= \u00bboff \u00bb button_border_radius__hover_enabled= \u00bboff \u00bb button_one_border_radius__hover_enabled= \u00bboff \u00bb button_two_border_radius__hover_enabled= \u00bboff \u00bb button_letter_spacing__hover_enabled= \u00bboff \u00bb button_one_letter_spacing__hover_enabled= \u00bboff \u00bb button_two_letter_spacing__hover_enabled= \u00bboff \u00bb button_bg_color__hover_enabled= \u00bboff \u00bb button_one_ bg_color__hover_enabled= \u00bboff \u00bb button_two_bg_color__hover_enabled= \u00bboff \u00bb][\/et_pb_contact_field][et_pb_contact_field field_id= \u00bbEmail \u00bb field_title= \u00bbEmail \u00bb field_type= \u00bbemail \u00bb _builder_version= \u00bb4.24.0\u2033 global_colors_info= \u00bb{} \u00bb button_text_size__hover_enabled= \u00bboff \u00bb button_one_text_size__hover_enabled= \u00bboff \u00bb button_two_text_size__hover_enabled= \u00bboff \u00bb button_text_color__hover_enabled= \u00bboff \u00bb button_one_text_color __hover_enabled= \u00bboff \u00bb button_two_text_color__hover_enabled= \u00bboff \u00bb button_border_width__hover_enabled= \u00bboff \u00bb button_one_border_width__hover_enabled= \u00bboff \u00bb button_two_border_width__hover_enabled= \u00bboff \u00bb button_border_color__hover_enabled= \u00bboff \u00bb button_one_border_color__hover_enabled= \u00bboff \u00bb button_two_border_ color__hover_enabled= \u00bboff \u00bb button_border_radius__hover_enabled= \u00bboff \u00bb button_one_border_radius__hover_enabled= \u00bboff \u00bb button_two_border_radius__hover_enabled= \u00bboff \u00bb button_letter_spacing__hover_enabled= \u00bboff \u00bb button_one_letter_spacing__hover_enabled= \u00bboff \u00bb button_two_letter_spacing__hover_enabled= \u00bboff \u00bb button_bg_color__hover_enabled= \u00bboff \u00bb button_one_bg_color__hover_enabled= \u00bboff \u00bb button_two_bg_color__hover_enabled= \u00bboff \u00bb][\/et_pb _contact_field][et_pb_contact_field field_id= \u00bbMessage \u00bb field_title= \u00bbMessage \u00bb field_type= \u00bbtext \u00bb fullwidth_field= \u00bbon \u00bb _builder_version= \u00bb4.24.0\u2033 global_colors_info= \u00bb{} \u00bb button_text_size__hover_enabled= \u00bboff \u00bb button_one_text_size__hover_enabled= \u00bboff \u00bb button_two_text_size__hover_enabled= \u00bboff \u00bb button_text_color__hover_enabled= \u00bboff \u00bb button_one_text_color__hover_enabled = \u00bboff \u00bb button_two_text_color__hover_enabled = \u00bboff \u00bb button_border_width__hover_enabled= \u00bboff \u00bb button_one_border_width__hover_enabled= \u00bboff \u00bb button_two_border_width__hover_enabled= \u00bboff \u00bb button_border_color__hover_enabled= \u00bboff \u00bb button_one_border_color__hover_enabled= \u00bboff \u00bb button_two_border_color__hover_enabled= \u00bboff \u00bb button_border_rad ius__hover_enabled= \u00bboff \u00bb button_one_border_radius__hover_enabled= \u00bboff \u00bb button_two_border_radius__hover_enabled= \u00bboff \u00bb button_letter_spacing__hover_enabled= \u00bboff \u00bb button_one_letter_spacing__hover_enabled= \u00bboff \u00bb button_two_letter_spacing__hover_enabled= \u00bboff \u00bb button_bg_color__hover_enabled= \u00bboff \u00bb button_one_bg_color__hover_enabled= \u00bboff \u00bb button_two_bg_color__hover_enabled= \u00bboff \u00bb][\/et_pb_contact_field][\/et_pb_contact_form][\/et_p b_column][\/et_pb_row][\/et_pb_section][et_pb_section fb_built = \u00bb1\u2033 _builder_version= \u00bb4.16\u2033 _module_preset= \u00bbdefault \u00bb background_color= \u00bbrgba(229,217,199,0.17) \u00bb global_colors_info= \u00bb{} \u00bb][et_pb_row custom_padding_last_edited= \u00bbon|phone \u00bb _builder_version= \u00bb4.16\u2033 _module_preset= \u00bbdefault \u00bb custom_margin= \u00bb5px||0px||false|false \u00bb custom_margin_tablet= \u00bb \u00bb custom_margin_phone= \u00bb-6px||||false|false \u00bb custom_margin_last_edited= \u00bbon|desktop \u00bb custom_padding= \u00bb20px||0px||false|false \u00bb custom_padding_tablet= \u00bb \u00bb custom_padding_phone= \u00bb0px||||false|false \u00bb locked= \u00bboff \u00bb global_colors_info= \u00bb{} \u00bb][et_pb_column type= \u00bb4_4\u2033 _builder_version= \u00bb4.16\u2033 _module_preset= \u00bbdefault \u00bb global_colors_info= \u00bb{} \u00bb][et_pb_text _builder_version= \u00bb4.16\u2033 _module_preset= \u00bbdefault \u00bb text_font= \u00bbFree Baskerville|700||||||| \u00bb text_text_color= \u00bb#163526\u2033 header_font= \u00bb|||||||| \u00bb header_text_align= \u00bbcenter \u00bb header_font_size= \u00bb22px \u00bb text_orientation= \u00bbcenter \u00bb custom_margin= \u00bb||10px||false|false \u00bb custom_padding= \u00bb||0px||false|false \u00bb header_font_size_tablet= \u00bb \u00bb header_font_size_phone= \u00bb19px \u00bb header_font_size_last_edited = \u00bbon|phone \u00bb locked= \u00bboff \u00bb global_colors_info= \u00bb{} \u00bb]<\/p>\n<h1><strong>SOME USEFUL LINKS<\/strong><\/h1>\n<p>[\/et_pb_text][et_pb_divider color= \u00bb#163526\u2033 _builder_version= \u00bb4.16\u2033 _module_preset= \u00bbdefault \u00bb custom_margin= \u00bb0px||10px||false|false \u00bb custom_padding= \u00bb0px||0px||false|false \u00bb locked= \u00bb off \u00bb global_colors_info= \u00bb{} \u00bb][\/et_pb_divider][\/et_pb_column][\/et_pb_row][et_pb_row column_structure= \u00bb1_4,1_4,1_4,1_4\u2033 custom_padding_last_edited= \u00bbon|desktop \u00bb _builder_version= \u00bb4.16\u2033 _module_preset= \u00bbdefault \u00bb custom_margin= \u00bb||0px||false|false \u00bb custom_margin_tablet= \u00bb \u00bb custom_margin_phone= \u00bb0px||-8px||false|false \u00bb custom_margin_last_edited= \u00bbon|phone \u00bb custom_padding= \u00bb||12px||false|false \u00bb custom_padding_tablet= \u00bb||16px||false|false \u00bb custom_padding_phone= \u00bb0px||0px||false|false \u00bb global_colors_info= \u00bb{} \u00bb][et_pb_column type= \u00bb1_4\u2033 _builder_version= \u00bb4.16\u2033 _module_preset= \u00bbdefault \u00bb global_colors_info = \u00bb{} \u00bb][et_pb_text _builder_version= \u00bb4.16\u2033 _module_preset= \u00bbdefault \u00bb text_font_size= \u00bb16px \u00bb text_line_height= \u00bb1.8em \u00bb link_text_align= \u00bbcenter \u00bb link_text_color= \u00bb#D3A13B \u00bb text_orientation= \u00bbcenter \u00bb global_colors_info= \u00bb{} \u00bb ]<\/p>\n<p><strong>Nurseries:<\/strong><br \/><a href=\"https:\/\/www.pepinierestilan.fr\/\" target=\"_blank\" rel=\"noopener\">Nurseries of Saint-Ilan<\/a><br \/><a href=\"https:\/\/www.melarosa.fr\/\" target=\"_blank\" rel=\"noopener\">Mela Rosa Nursery<\/a><br \/><a href=\"https:\/\/fr-fr.facebook.com\/pages\/category\/Local-Business\/Natural-gardens-p%C3%A9pini%C3%A8re-1186698604681960\/\" target=\"_blank\" rel=\"noopener\">Natural Gardens<\/a><br \/><a href=\"https:\/\/www.facebook.com\/Le-jardin-de-Gwen-P%C3%A9pini%C3%A8re-de-vivaces-et-gramin%C3%A9es-152503431580155\/\" target=\"_blank\" rel=\"noopener\">Gwen's Garden<\/a><\/p>\n<p>[\/et_pb_text] _line_height = \u00bb1.8em \u00bb link_text_align= \u00bbcenter \u00bb link_text_color= \u00bb#D3A13B \u00bb text_orientation= \u00bbcenter \u00bb locked= \u00bboff \u00bb global_colors_info= \u00bb{} \u00bb]<\/p>\n<p><strong>Clients:<\/strong><br \/><a href=\"https:\/\/www.berceul.com\/\" target=\"_blank\" rel=\"noopener\">Guest house Le Berceul<\/a><br \/><a href=\"https:\/\/manoirdelamare.jimdofree.com\/\" target=\"_blank\" rel=\"noopener\">The Manor of the Mare<\/a><br \/><a href=\"https:\/\/www.chambresaumanoir.com\/\" target=\"_blank\" rel=\"noopener\">Villeneuve Manor<\/a><\/p>\n<p>[\/et_pb_text] _line_height = \u00bb1.8em \u00bb link_text_align= \u00bbcenter \u00bb link_text_color= \u00bb#D3A13B \u00bb text_orientation= \u00bbcenter \u00bb width= \u00bb100% \u00bb locked= \u00bboff \u00bb global_colors_info= \u00bb{} \u00bb]<\/p>\n<p><strong>Material resources:<\/strong><br \/><a href=\"https:\/\/www.tontonzingueur.com\/\" target=\"_blank\" rel=\"noopener\">Uncle Zincworker<\/a><br \/><a href=\"https:\/\/jpw.fr\/\" target=\"_blank\" rel=\"noopener\">JPW, creator of light<\/a><br \/><a href=\"http:\/\/valerie-hardy-sculpteur.fr\/\" target=\"_blank\" rel=\"noopener\">Valerie Hardy, s<span>sculptures<\/span><\/a><\/p>\n<p>[\/et_pb_text] _line_height = \u00bb1.8em \u00bb link_text_align= \u00bbcenter \u00bb link_text_color= \u00bb#D3A13B \u00bb text_orientation= \u00bbcenter \u00bb locked= \u00bboff \u00bb global_colors_info= \u00bb{} \u00bb]<\/p>\n<p><strong>Partners:<\/strong><br \/><a href=\"https:\/\/www.paysagiste-martinel-avranches.fr\/\" target=\"_blank\" rel=\"noopener\">Yves Martinel Landscape<\/a><br \/><span style=\"color: #d3a13b;\">Nature and Landscapes<\/span><\/p>\n<p>[\/et_pb_text][\/et_pb_column][\/et_pb_row][\/et_pb_section]<\/p>","protected":false},"excerpt":{"rendered":"<p>Have a question, a comment? Would you like to meet us to talk about a project? You can contact us by email: clare@landscapes-et-cie.com or call us at 0622186248.Carmouet, 22270 M\u00e9grit, FranceSOME USEFUL LINKSNurseries:Saint-Ilan nurseriesMela Rosa nurseryNatural GardensLe jardin de GwenClients:Guest house Le BerceulLe Manoir de la MareManoir de la VilleneuveMaterial resources:Tonton ZingueurJPW, creator of lightVal\u00e9rie [\u2026]<\/p>","protected":false},"author":1,"featured_media":238645,"parent":0,"menu_order":0,"comment_status":"closed","ping_status":"closed","template":"","meta":{"_et_pb_use_builder":"on","_et_pb_old_content":"","_et_gb_content_width":"","_monsterinsights_skip_tracking":false,"_monsterinsights_sitenote_active":false,"_monsterinsights_sitenote_note":"","_monsterinsights_sitenote_category":0,"footnotes":""},"class_list":["post-25","page","type-page","status-publish","has-post-thumbnail","hentry"],"yoast_head":"<!-- This site is optimized with the Yoast SEO plugin v27.5 - https:\/\/yoast.com\/product\/yoast-seo-wordpress\/ -->\n<title>Contact &#8226; Landscapes et Cie<\/title>\n<meta name=\"description\" content=\"Contactez-nous pour un projet de jardin, une conception paysag\u00e8re ou pour nos services d&#039;architecte paysagiste en Bretagne.\" \/>\n<meta name=\"robots\" content=\"index, follow, max-snippet:-1, max-image-preview:large, max-video-preview:-1\" \/>\n<link rel=\"canonical\" href=\"https:\/\/landscapes-et-cie.com\/en\/contact\/\" \/>\n<meta property=\"og:locale\" content=\"en_GB\" \/>\n<meta property=\"og:type\" content=\"article\" \/>\n<meta property=\"og:title\" content=\"Contact &#8226; Landscapes et Cie\" \/>\n<meta property=\"og:description\" content=\"Contactez-nous pour un projet de jardin, une conception paysag\u00e8re ou pour nos services d&#039;architecte paysagiste en Bretagne.\" \/>\n<meta property=\"og:url\" content=\"https:\/\/landscapes-et-cie.com\/en\/contact\/\" \/>\n<meta property=\"og:site_name\" content=\"Landscapes et Cie\" \/>\n<meta property=\"article:publisher\" content=\"https:\/\/www.facebook.com\/Landscapesetcie\/\" \/>\n<meta property=\"article:modified_time\" content=\"2024-05-16T10:52:44+00:00\" \/>\n<meta property=\"og:image\" content=\"https:\/\/landscapes-et-cie.com\/wp-content\/uploads\/2024\/01\/Jardin-Clos-Landscapes-et-Cie-9.jpg\" \/>\n\t<meta property=\"og:image:width\" content=\"1522\" \/>\n\t<meta property=\"og:image:height\" content=\"1141\" \/>\n\t<meta property=\"og:image:type\" content=\"image\/jpeg\" \/>\n<meta name=\"twitter:card\" content=\"summary_large_image\" \/>\n<meta name=\"twitter:label1\" content=\"Estimated reading time\" \/>\n\t<meta name=\"twitter:data1\" content=\"1 minute\" \/>\n<script type=\"application\/ld+json\" class=\"yoast-schema-graph\">{\"@context\":\"https:\\\/\\\/schema.org\",\"@graph\":[{\"@type\":\"WebPage\",\"@id\":\"https:\\\/\\\/landscapes-et-cie.com\\\/contact\\\/\",\"url\":\"https:\\\/\\\/landscapes-et-cie.com\\\/contact\\\/\",\"name\":\"Contact &#8226; Landscapes et Cie\",\"isPartOf\":{\"@id\":\"https:\\\/\\\/landscapes-et-cie.com\\\/#website\"},\"primaryImageOfPage\":{\"@id\":\"https:\\\/\\\/landscapes-et-cie.com\\\/contact\\\/#primaryimage\"},\"image\":{\"@id\":\"https:\\\/\\\/landscapes-et-cie.com\\\/contact\\\/#primaryimage\"},\"thumbnailUrl\":\"https:\\\/\\\/landscapes-et-cie.com\\\/wp-content\\\/uploads\\\/2024\\\/01\\\/Jardin-Clos-Landscapes-et-Cie-9.jpg\",\"datePublished\":\"2021-03-30T16:12:14+00:00\",\"dateModified\":\"2024-05-16T10:52:44+00:00\",\"description\":\"Contactez-nous pour un projet de jardin, une conception paysag\u00e8re ou pour nos services d'architecte paysagiste en Bretagne.\",\"breadcrumb\":{\"@id\":\"https:\\\/\\\/landscapes-et-cie.com\\\/contact\\\/#breadcrumb\"},\"inLanguage\":\"en-GB\",\"potentialAction\":[{\"@type\":\"ReadAction\",\"target\":[\"https:\\\/\\\/landscapes-et-cie.com\\\/contact\\\/\"]}]},{\"@type\":\"ImageObject\",\"inLanguage\":\"en-GB\",\"@id\":\"https:\\\/\\\/landscapes-et-cie.com\\\/contact\\\/#primaryimage\",\"url\":\"https:\\\/\\\/landscapes-et-cie.com\\\/wp-content\\\/uploads\\\/2024\\\/01\\\/Jardin-Clos-Landscapes-et-Cie-9.jpg\",\"contentUrl\":\"https:\\\/\\\/landscapes-et-cie.com\\\/wp-content\\\/uploads\\\/2024\\\/01\\\/Jardin-Clos-Landscapes-et-Cie-9.jpg\",\"width\":1522,\"height\":1141,\"caption\":\"Un coin de d\u00e9tente sur la pelouse, avec deux transats invitant au repos. La sc\u00e8ne est encadr\u00e9e par un jasmin grimpant au premier plan, dont les fleurs blanches parfument l'air. Les massifs de vivaces foisonnants et les arbres matures cr\u00e9ent une atmosph\u00e8re de jardin secret, intime et luxuriant.\"},{\"@type\":\"BreadcrumbList\",\"@id\":\"https:\\\/\\\/landscapes-et-cie.com\\\/contact\\\/#breadcrumb\",\"itemListElement\":[{\"@type\":\"ListItem\",\"position\":1,\"name\":\"Accueil\",\"item\":\"https:\\\/\\\/landscapes-et-cie.com\\\/\"},{\"@type\":\"ListItem\",\"position\":2,\"name\":\"Contact\"}]},{\"@type\":\"WebSite\",\"@id\":\"https:\\\/\\\/landscapes-et-cie.com\\\/#website\",\"url\":\"https:\\\/\\\/landscapes-et-cie.com\\\/\",\"name\":\"Landscapes et Cie\",\"description\":\"Garden Design - Clare Ob\u00e9ron, Architecte Paysagiste\",\"publisher\":{\"@id\":\"https:\\\/\\\/landscapes-et-cie.com\\\/#organization\"},\"potentialAction\":[{\"@type\":\"SearchAction\",\"target\":{\"@type\":\"EntryPoint\",\"urlTemplate\":\"https:\\\/\\\/landscapes-et-cie.com\\\/?s={search_term_string}\"},\"query-input\":{\"@type\":\"PropertyValueSpecification\",\"valueRequired\":true,\"valueName\":\"search_term_string\"}}],\"inLanguage\":\"en-GB\"},{\"@type\":\"Organization\",\"@id\":\"https:\\\/\\\/landscapes-et-cie.com\\\/#organization\",\"name\":\"Landscapes et Cie\",\"url\":\"https:\\\/\\\/landscapes-et-cie.com\\\/\",\"logo\":{\"@type\":\"ImageObject\",\"inLanguage\":\"en-GB\",\"@id\":\"https:\\\/\\\/landscapes-et-cie.com\\\/#\\\/schema\\\/logo\\\/image\\\/\",\"url\":\"https:\\\/\\\/landscapes-et-cie.com\\\/wp-content\\\/uploads\\\/2021\\\/03\\\/LANDSCAPES_LOGO-1.png\",\"contentUrl\":\"https:\\\/\\\/landscapes-et-cie.com\\\/wp-content\\\/uploads\\\/2021\\\/03\\\/LANDSCAPES_LOGO-1.png\",\"width\":2000,\"height\":398,\"caption\":\"Landscapes et Cie\"},\"image\":{\"@id\":\"https:\\\/\\\/landscapes-et-cie.com\\\/#\\\/schema\\\/logo\\\/image\\\/\"},\"sameAs\":[\"https:\\\/\\\/www.facebook.com\\\/Landscapesetcie\\\/\"]}]}<\/script>\n<!-- \/ Yoast SEO plugin. -->","yoast_head_json":{"title":"Contact &#8226; Landscapes et Cie","description":"Contactez-nous pour un projet de jardin, une conception paysag\u00e8re ou pour nos services d'architecte paysagiste en Bretagne.","robots":{"index":"index","follow":"follow","max-snippet":"max-snippet:-1","max-image-preview":"max-image-preview:large","max-video-preview":"max-video-preview:-1"},"canonical":"https:\/\/landscapes-et-cie.com\/en\/contact\/","og_locale":"en_GB","og_type":"article","og_title":"Contact &#8226; Landscapes et Cie","og_description":"Contactez-nous pour un projet de jardin, une conception paysag\u00e8re ou pour nos services d'architecte paysagiste en Bretagne.","og_url":"https:\/\/landscapes-et-cie.com\/en\/contact\/","og_site_name":"Landscapes et Cie","article_publisher":"https:\/\/www.facebook.com\/Landscapesetcie\/","article_modified_time":"2024-05-16T10:52:44+00:00","og_image":[{"width":1522,"height":1141,"url":"https:\/\/landscapes-et-cie.com\/wp-content\/uploads\/2024\/01\/Jardin-Clos-Landscapes-et-Cie-9.jpg","type":"image\/jpeg"}],"twitter_card":"summary_large_image","twitter_misc":{"Estimated reading time":"1 minute"},"schema":{"@context":"https:\/\/schema.org","@graph":[{"@type":"WebPage","@id":"https:\/\/landscapes-et-cie.com\/contact\/","url":"https:\/\/landscapes-et-cie.com\/contact\/","name":"Contact &#8226; Landscapes et Cie","isPartOf":{"@id":"https:\/\/landscapes-et-cie.com\/#website"},"primaryImageOfPage":{"@id":"https:\/\/landscapes-et-cie.com\/contact\/#primaryimage"},"image":{"@id":"https:\/\/landscapes-et-cie.com\/contact\/#primaryimage"},"thumbnailUrl":"https:\/\/landscapes-et-cie.com\/wp-content\/uploads\/2024\/01\/Jardin-Clos-Landscapes-et-Cie-9.jpg","datePublished":"2021-03-30T16:12:14+00:00","dateModified":"2024-05-16T10:52:44+00:00","description":"Contactez-nous pour un projet de jardin, une conception paysag\u00e8re ou pour nos services d'architecte paysagiste en Bretagne.","breadcrumb":{"@id":"https:\/\/landscapes-et-cie.com\/contact\/#breadcrumb"},"inLanguage":"en-GB","potentialAction":[{"@type":"ReadAction","target":["https:\/\/landscapes-et-cie.com\/contact\/"]}]},{"@type":"ImageObject","inLanguage":"en-GB","@id":"https:\/\/landscapes-et-cie.com\/contact\/#primaryimage","url":"https:\/\/landscapes-et-cie.com\/wp-content\/uploads\/2024\/01\/Jardin-Clos-Landscapes-et-Cie-9.jpg","contentUrl":"https:\/\/landscapes-et-cie.com\/wp-content\/uploads\/2024\/01\/Jardin-Clos-Landscapes-et-Cie-9.jpg","width":1522,"height":1141,"caption":"Un coin de d\u00e9tente sur la pelouse, avec deux transats invitant au repos. La sc\u00e8ne est encadr\u00e9e par un jasmin grimpant au premier plan, dont les fleurs blanches parfument l'air. Les massifs de vivaces foisonnants et les arbres matures cr\u00e9ent une atmosph\u00e8re de jardin secret, intime et luxuriant."},{"@type":"BreadcrumbList","@id":"https:\/\/landscapes-et-cie.com\/contact\/#breadcrumb","itemListElement":[{"@type":"ListItem","position":1,"name":"Accueil","item":"https:\/\/landscapes-et-cie.com\/"},{"@type":"ListItem","position":2,"name":"Contact"}]},{"@type":"WebSite","@id":"https:\/\/landscapes-et-cie.com\/#website","url":"https:\/\/landscapes-et-cie.com\/","name":"Landscapes et Cie","description":"Garden Design - Clare Ob\u00e9ron, Landscape Architect","publisher":{"@id":"https:\/\/landscapes-et-cie.com\/#organization"},"potentialAction":[{"@type":"SearchAction","target":{"@type":"EntryPoint","urlTemplate":"https:\/\/landscapes-et-cie.com\/?s={search_term_string}"},"query-input":{"@type":"PropertyValueSpecification","valueRequired":true,"valueName":"search_term_string"}}],"inLanguage":"en-GB"},{"@type":"Organization","@id":"https:\/\/landscapes-et-cie.com\/#organization","name":"Landscapes et Cie","url":"https:\/\/landscapes-et-cie.com\/","logo":{"@type":"ImageObject","inLanguage":"en-GB","@id":"https:\/\/landscapes-et-cie.com\/#\/schema\/logo\/image\/","url":"https:\/\/landscapes-et-cie.com\/wp-content\/uploads\/2021\/03\/LANDSCAPES_LOGO-1.png","contentUrl":"https:\/\/landscapes-et-cie.com\/wp-content\/uploads\/2021\/03\/LANDSCAPES_LOGO-1.png","width":2000,"height":398,"caption":"Landscapes et Cie"},"image":{"@id":"https:\/\/landscapes-et-cie.com\/#\/schema\/logo\/image\/"},"sameAs":["https:\/\/www.facebook.com\/Landscapesetcie\/"]}]}},"jetpack_sharing_enabled":true,"_links":{"self":[{"href":"https:\/\/landscapes-et-cie.com\/en\/wp-json\/wp\/v2\/pages\/25","targetHints":{"allow":["GET"]}}],"collection":[{"href":"https:\/\/landscapes-et-cie.com\/en\/wp-json\/wp\/v2\/pages"}],"about":[{"href":"https:\/\/landscapes-et-cie.com\/en\/wp-json\/wp\/v2\/types\/page"}],"author":[{"embeddable":true,"href":"https:\/\/landscapes-et-cie.com\/en\/wp-json\/wp\/v2\/users\/1"}],"replies":[{"embeddable":true,"href":"https:\/\/landscapes-et-cie.com\/en\/wp-json\/wp\/v2\/comments?post=25"}],"version-history":[{"count":18,"href":"https:\/\/landscapes-et-cie.com\/en\/wp-json\/wp\/v2\/pages\/25\/revisions"}],"predecessor-version":[{"id":238884,"href":"https:\/\/landscapes-et-cie.com\/en\/wp-json\/wp\/v2\/pages\/25\/revisions\/238884"}],"wp:featuredmedia":[{"embeddable":true,"href":"https:\/\/landscapes-et-cie.com\/en\/wp-json\/wp\/v2\/media\/238645"}],"wp:attachment":[{"href":"https:\/\/landscapes-et-cie.com\/en\/wp-json\/wp\/v2\/media?parent=25"}],"curies":[{"name":"wp","href":"https:\/\/api.w.org\/{rel}","templated":true}]}}